{"id":173,"date":"2018-03-06T12:00:46","date_gmt":"2018-03-06T11:00:46","guid":{"rendered":"http:\/\/van-lessen.org\/Wordpress\/?page_id=173"},"modified":"2018-04-01T09:52:45","modified_gmt":"2018-04-01T07:52:45","slug":"familienbuch_1992","status":"publish","type":"page","link":"http:\/\/van-lessen.org\/Wordpress\/familienbuch_1992\/","title":{"rendered":"<h3><center>Texte im Familienbuch 1689 &#8211; 1992<\/center><\/h3>"},"content":{"rendered":"<p style=\"margin-top: 20px\">\n<a href=\"..\"><em>Zur\u00fcck zur Startseite<\/em><\/a>\n<\/p>\n<p><a href=\"..\/geleitwort\/\">Geleitwort<\/a><\/p>\n<p><a href=\"..\/wappen_familie\/\">Erl\u00e4uterung zum Wappen der Familie<\/a><\/p>\n<p><a href=\"..\/vorwort-familienbuch\/\">Vorwort zum Familienbuch<\/a><\/p>\n<p><a href=\"..\/gruendung_wallonische_gemeinde\/\">Gr\u00fcndung der wallonischen Gemeinde zu Emden<\/a><\/p>\n<p><a href=\"..\/einleitung-im-familienbuch\/\">Einleitung im Familienbuch<\/a><\/p>\n<p><a href=\"..\/erlaeuterung_familienbuch\/\">Erl\u00e4uterung<\/a>\u00a0 \u00a0 \u00a0<a href=\"..\/familienbuch_toelichting\/\">Toelichting<\/a>\u00a0 \u00a0 \u00a0<a href=\"..\/familienbuch_note\/\">Note<\/a><\/p>\n","protected":false},"excerpt":{"rendered":"<p>Zur\u00fcck zur Startseite Geleitwort Erl\u00e4uterung zum Wappen der Familie Vorwort zum Familienbuch Gr\u00fcndung der wallonischen Gemeinde zu Emden Einleitung im Familienbuch Erl\u00e4uterung\u00a0 \u00a0 \u00a0Toelichting\u00a0 \u00a0 \u00a0Note<\/p>\n","protected":false},"author":1,"featured_media":0,"parent":0,"menu_order":0,"comment_status":"closed","ping_status":"closed","template":"","meta":[],"_links":{"self":[{"href":"http:\/\/van-lessen.org\/Wordpress\/wp-json\/wp\/v2\/pages\/173"}],"collection":[{"href":"http:\/\/van-lessen.org\/Wordpress\/wp-json\/wp\/v2\/pages"}],"about":[{"href":"http:\/\/van-lessen.org\/Wordpress\/wp-json\/wp\/v2\/types\/page"}],"author":[{"embeddable":true,"href":"http:\/\/van-lessen.org\/Wordpress\/wp-json\/wp\/v2\/users\/1"}],"replies":[{"embeddable":true,"href":"http:\/\/van-lessen.org\/Wordpress\/wp-json\/wp\/v2\/comments?post=173"}],"version-history":[{"count":24,"href":"http:\/\/van-lessen.org\/Wordpress\/wp-json\/wp\/v2\/pages\/173\/revisions"}],"predecessor-version":[{"id":1162,"href":"http:\/\/van-lessen.org\/Wordpress\/wp-json\/wp\/v2\/pages\/173\/revisions\/1162"}],"wp:attachment":[{"href":"http:\/\/van-lessen.org\/Wordpress\/wp-json\/wp\/v2\/media?parent=173"}],"curies":[{"name":"wp","href":"https:\/\/api.w.org\/{rel}","templated":true}]}}