{"id":1757,"date":"2020-02-21T13:10:03","date_gmt":"2020-02-21T12:10:03","guid":{"rendered":"http:\/\/van-lessen.org\/Wordpress\/?page_id=1757"},"modified":"2020-02-25T16:19:20","modified_gmt":"2020-02-25T15:19:20","slug":"nachruf-anneus-van-lessen","status":"publish","type":"page","link":"http:\/\/van-lessen.org\/Wordpress\/nachruf-anneus-van-lessen\/","title":{"rendered":"<h4><center>Nachruf auf Anneus van Lessen (1896 &#8211; 1963)<\/center><\/h4>"},"content":{"rendered":"<style type=\"text\/css\">\n    ppp {<br \/>\n        font-size: 10x;<br \/>\n        margin-bottom: 12px;<br \/>\n        line-height: 50%;<br \/>\n    }<br \/>\n    <\/style>\n<p style=\"margin-top: -20px;\">\n<p><a href=\"..\"><em>Zur\u00fcck zur Startseite<\/em><\/a><\/p>\n<p>Ein aufrechter Diener seiner Heimat<\/p>\n<p>B\u00fcrgermeister <a href=\"http:\/\/van-lessen.org\/individual.php?pid=I1256&amp;ged=van-Lessen\"> <span style=\"color: #0000ff;\"> Anneus Hinderikus van Lessen<\/span><\/a> &#8211; B\u00f6hmerwold \u2020<\/p>\n<p>B\u00d6HMERWOLD. Wieder hat der Tod einen der angesehensten M\u00e4nner des Rheiderlandes, Landwirt Anneus Hinderikus van Lessen, B\u00fcrgermeister seiner Heimatgemeinde B\u00f6hmerwold, Deichrichter, stellvertretender Obersielrichter und Kirchmeister, am Sonnabendvormittag in seinem achtundsechzigsten Lebensjahre pl\u00f6tzlich dahingerafft. Wer ihn kannte, wei\u00df, dass er ein Mann war, dessen Pers\u00f6nlichkeit in jeder Hinsicht das Bild des bescheiden zur\u00fcckhaltenden, redlichen Vertreters seines Berufsstandes bot, der mit peinlicher Gewissenhaftigkeit den ihm anvertrauten \u00c4mtern vorstand, der mit gro\u00dfer Liebe seiner Heimatgemeinde diente und ein echter Rheiderl\u00e4nder war.<\/p>\n<p>Als Sohn des Landwirts <a href=\"http:\/\/van-lessen.org\/individual.php?pid=I1555&amp;ged=van-Lessen\"><span style=\"color: #0000ff;\"> Tjabe van Lessen<\/span><\/a> in B\u00f6hmerwold geboren trat Anneus van Lessen nach dem Besuch der Volksschule in seiner Heimatgemeinde, der Lateinschule in Weener und des Gymnasiums in Leer und nach gl\u00fccklicher Heimkehr aus dem ersten Weltkrieg, in dem er aktiv in einem Garderegiment an der Westfront teilgenommen hatte, die Nachfolge seines gefallenen Bruders in der Verwaltung des Hofes an, der sich seit Generationen im Besitz der Familie van Lessen befindet. lm Jahre 1925 berief ihn der Vorstand der Oberrheider Deichacht in das Ehrenamt eines Deichrichters. Die Vereinigte Gro\u00df &#8211; Soltborger Sielacht berief ihn als Vorstandsmitglied und stellvertretenden Obersielrichter. Fast vierzig Jahre geh\u00f6rte er dem Kirchenrat der evangelisch \u2013 reformierten Kirchengemeinde B\u00f6hmerwold an und diente ihr seit einem Jahre auch als Kirchmeister.<\/p>\n<p>F\u00fcr seine streng objektive Haltung wie f\u00fcr seinen Wunsch und Willen, stets dem Gemeinwohl zu dienen, spricht \u00fcberzeugend, dass er schon zur Zeit der Weimarer Verfassung der Gemeindevertretung angeh\u00f6rte, im Jahre 1933 zum B\u00fcrgermeister in B\u00f6hmerwold gew\u00e4hlt und auch nach dem Umsturz mit diesem Amt erneut betraut wurde, das er, bis zum letzten Tage seines Lebens, pflichtgetreu verwaltete.<\/p>\n<p>Mit gro\u00dfer Liebe und Sorgfalt besch\u00e4ftigte sich Anneus van Lessen mit der Heimatliteratur; ihm verdankt die Gemeinde B\u00f6hmerwold die gewissenhafte Aufzeichnung ihrer Dorfchronik. Mit der gleichen Aufgeschlossenheit und mit nie erlahmendem Eifer studierte van Lessen die Kirchenb\u00fccher seiner Gemeinde und legte damit den Grund auch f\u00fcr eine Chronik der Kirchengemeinde B\u00f6hmerwold, eine Arbeit, die in einem Nachruf des Kirchenrates dankbare Anerkennung findet. Als Kirchmeister lag van Lessen die treuh\u00e4nderische Verwaltung und Pflege des ehrw\u00fcrdigen Gotteshauses und des Friedhofs mit seinen alten aufschlussreichen Grabsteinen besonders am Herzen.<\/p>\n<p>Noch zehn Jahre nach einem bedrohlichen Herzinfarkt war es Anneus van Lessen verg\u00f6nnt, sich im \u00f6ffentlichen Dienst erfolgreich und mit leidenschaftlicher Liebe zur Heimat zu bet\u00e4tigen. Er war einer der Stillen im Lande, der sich Anerkennung ehrlich verdient hat, der aber jede Hervorhebung mit aller Entschiedenheit ablehnte. Nun, da ihn der Tod, wenn von ihm selbst auch nicht unerwartet, pl\u00f6tzlich dahinraffte, wissen seine vielen Freunde und alle, die dem Dahingeschiedenen als einen aufrechten und liebenswerten Menschen kannten und sch\u00e4tzten, was Sie an ihm verloren haben.<\/p>\n<p>Am Mittwochnachmittag wird Anneus van Lessen von der Kirche in B\u00f6hmerwold aus zur letzten Ruhe getragen werden und in der heimatlichen Erde bestattet werden.<\/p>\n<p><em>Nachruf in Grenzlandzeitung \u201eRheiderland\u201c vom 16. Dezember 1963<\/em><\/p>\n<p><em>Abschrift aus dem Buch \u201eGemeinde-Chronik B\u00f6hmerwold-Bovenhusen\u201c, verfasst von <a href=\"http:\/\/van-lessen.org\/individual.php?pid=I1256&amp;ged=van-Lessen\"> <span style=\"color: #0000ff;\"> Anneus van Lessen<\/span><\/a>. Das Buch ist verf\u00fcgbar durch die <a href=\"https:\/\/www.ostfriesischelandschaft.de\/4.html\"> <span style=\"color: #0000ff;\">Landschaftsbibliothek<\/span><\/a> in Aurich. <\/em><\/p>\n","protected":false},"excerpt":{"rendered":"<p>Zur\u00fcck zur Startseite Ein aufrechter Diener seiner Heimat B\u00fcrgermeister Anneus Hinderikus van Lessen &#8211; B\u00f6hmerwold \u2020 B\u00d6HMERWOLD. Wieder hat der Tod einen der angesehensten M\u00e4nner des Rheiderlandes, Landwirt Anneus Hinderikus van Lessen, B\u00fcrgermeister seiner Heimatgemeinde B\u00f6hmerwold, Deichrichter, stellvertretender Obersielrichter und Kirchmeister, am Sonnabendvormittag in seinem achtundsechzigsten Lebensjahre pl\u00f6tzlich dahingerafft. Wer ihn kannte, wei\u00df, dass er &hellip; <a href=\"http:\/\/van-lessen.org\/Wordpress\/nachruf-anneus-van-lessen\/\" class=\"more-link\"><span class=\"screen-reader-text\"><\/p>\n<h4><center>Nachruf auf Anneus van Lessen (1896 &#8211; 1963)<\/center><\/h4>\n<p><\/span> weiterlesen<\/a><\/p>\n","protected":false},"author":1,"featured_media":0,"parent":0,"menu_order":0,"comment_status":"closed","ping_status":"closed","template":"","meta":[],"_links":{"self":[{"href":"http:\/\/van-lessen.org\/Wordpress\/wp-json\/wp\/v2\/pages\/1757"}],"collection":[{"href":"http:\/\/van-lessen.org\/Wordpress\/wp-json\/wp\/v2\/pages"}],"about":[{"href":"http:\/\/van-lessen.org\/Wordpress\/wp-json\/wp\/v2\/types\/page"}],"author":[{"embeddable":true,"href":"http:\/\/van-lessen.org\/Wordpress\/wp-json\/wp\/v2\/users\/1"}],"replies":[{"embeddable":true,"href":"http:\/\/van-lessen.org\/Wordpress\/wp-json\/wp\/v2\/comments?post=1757"}],"version-history":[{"count":26,"href":"http:\/\/van-lessen.org\/Wordpress\/wp-json\/wp\/v2\/pages\/1757\/revisions"}],"predecessor-version":[{"id":1766,"href":"http:\/\/van-lessen.org\/Wordpress\/wp-json\/wp\/v2\/pages\/1757\/revisions\/1766"}],"wp:attachment":[{"href":"http:\/\/van-lessen.org\/Wordpress\/wp-json\/wp\/v2\/media?parent=1757"}],"curies":[{"name":"wp","href":"https:\/\/api.w.org\/{rel}","templated":true}]}}