{"id":1825,"date":"2020-02-22T12:43:12","date_gmt":"2020-02-22T11:43:12","guid":{"rendered":"http:\/\/van-lessen.org\/Wordpress\/?page_id=1825"},"modified":"2020-02-22T12:47:54","modified_gmt":"2020-02-22T11:47:54","slug":"familien-des-rheiderlands","status":"publish","type":"page","link":"http:\/\/van-lessen.org\/Wordpress\/familien-des-rheiderlands\/","title":{"rendered":"<center>Familien des Rheiderlands<\/center>"},"content":{"rendered":"<p style=\"margin-top: 20px;\"><em><a href=\"http:\/\/van-lessen.org\/Wordpress\">Zur\u00fcck zur Startseite<\/a><\/em><\/p>\n<p><a href=\"http:\/\/van-lessen.org\/Wordpress\/van_lessen_in_boehmerwold\/\">Geschichte der van Lessen in B\u00f6hmerwold<\/a><\/p>\n<p><a href=\"http:\/\/van-lessen.org\/Wordpress\/schicksalsjahre\/\">Schicksalsjahre einer Rheiderl\u00e4nder Bauernfamilie<\/a><\/p>\n<p><a href=\"http:\/\/van-lessen.org\/Wordpress\/bunderhee-steinhausstrasse\/\">Kleine Geschichte Anwesen Steinhausstra\u00dfe 3 in Bunderhee<\/a><\/p>\n","protected":false},"excerpt":{"rendered":"<p>Zur\u00fcck zur Startseite Geschichte der van Lessen in B\u00f6hmerwold Schicksalsjahre einer Rheiderl\u00e4nder Bauernfamilie Kleine Geschichte Anwesen Steinhausstra\u00dfe 3 in Bunderhee<\/p>\n","protected":false},"author":1,"featured_media":0,"parent":0,"menu_order":0,"comment_status":"closed","ping_status":"closed","template":"","meta":[],"_links":{"self":[{"href":"http:\/\/van-lessen.org\/Wordpress\/wp-json\/wp\/v2\/pages\/1825"}],"collection":[{"href":"http:\/\/van-lessen.org\/Wordpress\/wp-json\/wp\/v2\/pages"}],"about":[{"href":"http:\/\/van-lessen.org\/Wordpress\/wp-json\/wp\/v2\/types\/page"}],"author":[{"embeddable":true,"href":"http:\/\/van-lessen.org\/Wordpress\/wp-json\/wp\/v2\/users\/1"}],"replies":[{"embeddable":true,"href":"http:\/\/van-lessen.org\/Wordpress\/wp-json\/wp\/v2\/comments?post=1825"}],"version-history":[{"count":3,"href":"http:\/\/van-lessen.org\/Wordpress\/wp-json\/wp\/v2\/pages\/1825\/revisions"}],"predecessor-version":[{"id":1831,"href":"http:\/\/van-lessen.org\/Wordpress\/wp-json\/wp\/v2\/pages\/1825\/revisions\/1831"}],"wp:attachment":[{"href":"http:\/\/van-lessen.org\/Wordpress\/wp-json\/wp\/v2\/media?parent=1825"}],"curies":[{"name":"wp","href":"https:\/\/api.w.org\/{rel}","templated":true}]}}