{"id":201,"date":"2018-03-06T15:16:15","date_gmt":"2018-03-06T14:16:15","guid":{"rendered":"http:\/\/van-lessen.org\/Wordpress\/?page_id=201"},"modified":"2018-04-03T17:18:58","modified_gmt":"2018-04-03T15:18:58","slug":"vorwort_nachtrag","status":"publish","type":"page","link":"http:\/\/van-lessen.org\/Wordpress\/vorwort_nachtrag\/","title":{"rendered":"<h3><center>Vorwort zum Nachtrag des Familienbuchs<\/h3><\/center>"},"content":{"rendered":"<p style=\"margin-top: 20px\">\n<a href=\"http:\/\/van-lessen.org\/Wordpress\"><em>Zur\u00fcck zur Startseite<\/em><\/a>\n<\/p>\n<p>Dieser Nachtrag zum Stammbuch der <strong>Familie van Lessen 1689&nbsp;&#8211; 1992<\/strong>, das Hermann van Lessen (299) aus Weener 1994 ver\u00f6ffentlicht hat, wurde aus drei Gr\u00fcnden notwendig:<br \/>\n1.&ensp;die Aktualisierung des Stammbaumes nach ca. 10 Jahren,<br \/>\n2.&ensp;die Korrektur kleiner Fehler, die im Stammbuch entdeckt<br \/>\n&nbsp;&nbsp;&nbsp;&nbsp; wurden,<br \/>\n3.&ensp;die Aufnahme des <a href=\"http:\/\/van-lessen.org\/Wordpress\/tafel_emdener_van_lessen\/\">Stammbaumes von Elias van Lessen<\/a> aus<br \/>\n&nbsp;&nbsp;&nbsp;&nbsp; dem 16. und 17.&nbsp;Jahrhundert, den wir den Nachforschungen<br \/>\n&nbsp;&nbsp;&nbsp;&nbsp; von Hermann Fischer aus Wilhelmshaven verdanken,<br \/>\n&nbsp;&nbsp;&nbsp;&nbsp; einem Nachkommen von Elias van Lessen.<\/p>\n<p>Die Familiendaten dieses Nachtrages hat noch einmal Hermann van Lessen zusammengetragen, mit tatkr\u00e4ftiger Unterst\u00fctzung der Mitglieder des Familienvorstandes. Betsy van Lessen (G&nbsp;49) aus Assen hat die Daten unserer niederl\u00e4ndischen und englischen Familienmitglieder der Groninger Linie gesammelt und geordnet. Hinderikus van Lessen (B&nbsp;76) aus Ter Apelkanaal hat die Bourtanger Linie bearbeitet. Freerk van Lessen (357) aus Bingum hat die bildliche Darstellung unseres Stammbaumes neu aufgelegt. Durch die Aufteilung und separate Darstellung der 7&nbsp;Haupt\u00e4ste des Stammbaumes ist es ihm gelungen, auch die Mitglieder der 3&nbsp;j\u00fcngsten Generationen der Familie bis Ende des Jahres&nbsp;2000 in die Stammb\u00e4ume aufzunehmen. Die Stammb\u00e4ume wurden von Frau Bu\u00df-Saathoff und der Malerin Frau Rita Kruse aus Leer erstellt.<\/p>\n<p>Allen Genannten, besonders Hermann van Lessen aus Weener, sei an dieser Stelle f\u00fcr ihre wertvolle Arbeit und aufopfernde M\u00fche herzlich gedankt.<\/p>\n<p>Die Zukunft wird in einer EDV gerechten Erhebung und Bearbeitung der Familiendaten liegen. Alles ist stets im Fluss, und wie unsere Vorfahren wollen auch wir mit der Zeit gehen.<\/p>\n<p>Harmen van Lessen \u271d (409), Solingen.<\/p>\n","protected":false},"excerpt":{"rendered":"<p>Zur\u00fcck zur Startseite Dieser Nachtrag zum Stammbuch der Familie van Lessen 1689&nbsp;&#8211; 1992, das Hermann van Lessen (299) aus Weener 1994 ver\u00f6ffentlicht hat, wurde aus drei Gr\u00fcnden notwendig: 1.&ensp;die Aktualisierung des Stammbaumes nach ca. 10 Jahren, 2.&ensp;die Korrektur kleiner Fehler, die im Stammbuch entdeckt &nbsp;&nbsp;&nbsp;&nbsp; wurden, 3.&ensp;die Aufnahme des Stammbaumes von Elias van Lessen aus &hellip; <a href=\"http:\/\/van-lessen.org\/Wordpress\/vorwort_nachtrag\/\" class=\"more-link\"><span class=\"screen-reader-text\"><\/p>\n<h3><center>Vorwort zum Nachtrag des Familienbuchs<\/h3>\n<p><\/center><\/span> weiterlesen<\/a><\/p>\n","protected":false},"author":1,"featured_media":0,"parent":0,"menu_order":0,"comment_status":"closed","ping_status":"closed","template":"","meta":[],"_links":{"self":[{"href":"http:\/\/van-lessen.org\/Wordpress\/wp-json\/wp\/v2\/pages\/201"}],"collection":[{"href":"http:\/\/van-lessen.org\/Wordpress\/wp-json\/wp\/v2\/pages"}],"about":[{"href":"http:\/\/van-lessen.org\/Wordpress\/wp-json\/wp\/v2\/types\/page"}],"author":[{"embeddable":true,"href":"http:\/\/van-lessen.org\/Wordpress\/wp-json\/wp\/v2\/users\/1"}],"replies":[{"embeddable":true,"href":"http:\/\/van-lessen.org\/Wordpress\/wp-json\/wp\/v2\/comments?post=201"}],"version-history":[{"count":41,"href":"http:\/\/van-lessen.org\/Wordpress\/wp-json\/wp\/v2\/pages\/201\/revisions"}],"predecessor-version":[{"id":1253,"href":"http:\/\/van-lessen.org\/Wordpress\/wp-json\/wp\/v2\/pages\/201\/revisions\/1253"}],"wp:attachment":[{"href":"http:\/\/van-lessen.org\/Wordpress\/wp-json\/wp\/v2\/media?parent=201"}],"curies":[{"name":"wp","href":"https:\/\/api.w.org\/{rel}","templated":true}]}}