{"id":237,"date":"2018-03-06T16:14:09","date_gmt":"2018-03-06T15:14:09","guid":{"rendered":"http:\/\/van-lessen.org\/Wordpress\/?page_id=237"},"modified":"2019-12-25T20:40:58","modified_gmt":"2019-12-25T19:40:58","slug":"vorwort-familienbuch","status":"publish","type":"page","link":"http:\/\/van-lessen.org\/Wordpress\/vorwort-familienbuch\/","title":{"rendered":"<center><small>Vorwort zum Familienbuch<\/small><\/center>"},"content":{"rendered":"<p><title>Vorwort zum Familienbuch<\/title><\/p>\n<style type=\"text\/css\">\n    body {<br \/>\n        font-size: medium;<br \/>\n    }<br \/>\n    p {<br \/>\n        font-size: 80%;<br \/>\n        Margin-bottom: 13px;<br \/>\n        line-height: 95%;\"<br \/>\n    }<br \/>\n    #ar {<br \/>\n    text-align: right;<br \/>\n    margin-top: -35px;<br \/>\n    }<br \/>\n    <\/style>\n<p style=\"margin-top: -20px\"><a href=\"..\"><em>Zur\u00fcck zur Startseite<\/em><\/a><\/p>\n<p>Die Stammfolge der Familie van Lessen erschien zum ersten Mal im Deutschen Geschlechterbuch Band&nbsp;31 im Jahre 1919. Bearbeiter war Frerich van Lessen (170), damals Amtsrichter zu Bruchhausen bei Bremen. Unter gro\u00dfem Aufwand hat er damit die Grundlage gelegt auch f\u00fcr die nachfolgenden Geschlechterb\u00fccher. Hierf\u00fcr geb\u00fchrt Frerich van Lessen heute noch Dank.<\/p>\n<p>1938 hat Dr. Bernhard van Lessen (313), damals Tierzuchtinspektor zu Danzig, die Stammfolge der Familie van Lessen \u00fcberarbeitet und in Band 103 des Deutschen Geschlechterbuches ver\u00f6ffentlicht; 1941 ist von ihm ein Sonderdruck herausgebracht worden. Dr. Bernhard van Lessen &#8211;&nbsp;seit 1945 Landwirt zu B\u00f6hmerwold&nbsp;&#8211; gab mir im Jahr 1981 die Anregung, ein neues Geschlechterbuch herauszugeben.<\/p>\n<p>Auf der Gr\u00fcndungsversammlung des Familienverbandes van Lessen am 12.05.1984 in Leer hat man mich zum Vorsitzenden des Ahnenforschungs-Ausschusses gew\u00e4hlt. Nach mehrj\u00e4hriger interessanter, oft auch m\u00fchevoller Forschungsarbeit kann ich jetzt das neue Geschlechterbuch vorlegen. Es baut auf den fr\u00fcheren Ver\u00f6ffentlichungen im Deutschen Geschlechterbuch auf, erhielt aber eine neue, \u00fcbersichtlichere Form. Die wichtigsten Quellen sind die Kirchenb\u00fccher der Kirchengemeinden in Ostfriesland &#8211;&nbsp;vor allem der Evangelisch-reformierten Kirche in Bunde&nbsp;&#8211; und das Reichsarchiv der Provinz Groningen, sowie die zahlreichen Familien des Stammes van Lessen, die ich auf vielen Reisen besucht und befragt habe.<\/p>\n<p>Betsy van Lessen aus Assen (G&nbsp;49) und Henderikus van Lessen aus Ter Apelkanaal (B&nbsp;76) haben mir bei der Bearbeitung der Groninger und der Bourtanger Linie in hervorragender Weise geholfen.<\/p>\n<p>Herr Johannes Vienne Smidt (Leer-Loga) hat mir wertvolle Anregungen f\u00fcr die Gestaltung gegeben.<\/p>\n<p>Von der Evangelisch-reformierten Kirche in Nordwestdeutschland, Landeskirchenant Leer, wo ich viele Jahre als Archivp\ufb02eger gearbeitet habe, habe ich ebenfalls Unterst\u00fctzung bei meiner Arbeit erhalten.<\/p>\n<p>Mitglieder des Ahnenforschungs-Ausschusses und des Familienvorstandes haben mit mir gemeinsam Korrektur gelesen.<\/p>\n<p>Ihnen allen m\u00f6chte ich herzlich f\u00fcr ihre Hilfe danken.<\/p>\n<p>Weener-M\u00f6hlenwarf, 1993<\/p>\n<p id=\"ar\">Hermann van Lessen \u2020<\/p>\n","protected":false},"excerpt":{"rendered":"<p>Vorwort zum Familienbuch Zur\u00fcck zur Startseite Die Stammfolge der Familie van Lessen erschien zum ersten Mal im Deutschen Geschlechterbuch Band&nbsp;31 im Jahre 1919. Bearbeiter war Frerich van Lessen (170), damals Amtsrichter zu Bruchhausen bei Bremen. Unter gro\u00dfem Aufwand hat er damit die Grundlage gelegt auch f\u00fcr die nachfolgenden Geschlechterb\u00fccher. Hierf\u00fcr geb\u00fchrt Frerich van Lessen heute &hellip; <a href=\"http:\/\/van-lessen.org\/Wordpress\/vorwort-familienbuch\/\" class=\"more-link\"><span class=\"screen-reader-text\"><center><small>Vorwort zum Familienbuch<\/small><\/center><\/span> weiterlesen<\/a><\/p>\n","protected":false},"author":1,"featured_media":0,"parent":0,"menu_order":0,"comment_status":"closed","ping_status":"closed","template":"","meta":[],"_links":{"self":[{"href":"http:\/\/van-lessen.org\/Wordpress\/wp-json\/wp\/v2\/pages\/237"}],"collection":[{"href":"http:\/\/van-lessen.org\/Wordpress\/wp-json\/wp\/v2\/pages"}],"about":[{"href":"http:\/\/van-lessen.org\/Wordpress\/wp-json\/wp\/v2\/types\/page"}],"author":[{"embeddable":true,"href":"http:\/\/van-lessen.org\/Wordpress\/wp-json\/wp\/v2\/users\/1"}],"replies":[{"embeddable":true,"href":"http:\/\/van-lessen.org\/Wordpress\/wp-json\/wp\/v2\/comments?post=237"}],"version-history":[{"count":34,"href":"http:\/\/van-lessen.org\/Wordpress\/wp-json\/wp\/v2\/pages\/237\/revisions"}],"predecessor-version":[{"id":1593,"href":"http:\/\/van-lessen.org\/Wordpress\/wp-json\/wp\/v2\/pages\/237\/revisions\/1593"}],"wp:attachment":[{"href":"http:\/\/van-lessen.org\/Wordpress\/wp-json\/wp\/v2\/media?parent=237"}],"curies":[{"name":"wp","href":"https:\/\/api.w.org\/{rel}","templated":true}]}}