{"id":329,"date":"2018-03-07T11:12:44","date_gmt":"2018-03-07T10:12:44","guid":{"rendered":"http:\/\/van-lessen.org\/Wordpress\/?page_id=329"},"modified":"2019-12-25T13:08:05","modified_gmt":"2019-12-25T12:08:05","slug":"kornelis-de-lessene","status":"publish","type":"page","link":"http:\/\/van-lessen.org\/Wordpress\/kornelis-de-lessene\/","title":{"rendered":"<h3><center>Kornelis de Lessene &#8211; M\u00e4rtyrer des reformierten Glaubens&nbsp;1568<\/h3><\/center>"},"content":{"rendered":"<p><title>Kornelis de Lessene &#8211; M\u00e4rtyrer des reformierten Glaubens<\/title><\/p>\n<style type=\"text\/css\">\n    p {<br \/>\n        font-size: 17px;<br \/>\n        margin-bottom: 10px;<br \/>\n        line-height: 135%;<br \/>\n    }<br \/>\n    <\/style>\n<p style=\"margin-top: 20px\"><a href=\"..\"><em>Zur\u00fcck zur Startseite<\/em><\/a><\/p>\n<p>Kornelis de Lesenne oder Corneille de Lessen, wie er an anderer Stelle genannt wird, ist das erste Mitglied der Familie van Lessen, dessen Leben gut dokumentiert ist, und der als M\u00e4rtyrer des reformierten Glaubens gro\u00dfen Ruhm erlangte. Seine Lebensbeschreibung ist in dem Buch: \u201e<a href=\"https:\/\/books.google.de\/books?id=zYY-AAAAcAAJ&amp;printsec=frontcover&amp;dq=inauthor:%22Adriaen+Cornelisz+van+Haemstede%22&amp;hl=en&amp;sa=X&amp;ved=0ahUKEwj9m66gtJDaAhXEY1AKHR4vAZIQ6wEIKTAA#v=onepage&amp;q&amp;f=false\" rel=\"noopener noreferrer\" target=\"_blank\">De historie van de martelaeren<\/a>\u201c enthalten, das van Haemstede 1671 drucken lie\u00df und dessen Nachdruck aus dem Jahr 1883 wir im Reichsarchiv Groningen einsehen und kopieren durften.<\/p>\n<p>Corneille de Lessen war gelernter Hufschmied. Nach intensivem Studium der Bibel nahm er den reformierten Glauben an und entwickelte sich zu einem hochgesch\u00e4tzten Laienprediger, der zun\u00e4chst in Rijssel, Doornik und Valenciennes das Evangelium predigte. Um 1560 \ufb02\u00fcchtete er mit seiner Familie nach Antwerpen und verdiente seinen Lebensunterhalt mit der Herstellung von Bord\u00fcren und Passamenten; wenig sp\u00e4ter wurde er zum Prediger der wallonischen Gemeinde in Antwerpen berufen. 1562 erhielt er einen Ruf als Prediger nach Rijssel, den er annahm. Bald machte die spanische Inquisition dieser Gemeinde so zu schaffen, dass sie schlie\u00dflich in alle Richtungen \ufb02\u00fcchten musste. Kornelis \ufb02oh nach Wesel, lebte als Bombassin &#8211; Weber, Prediger, Hauslehrer eines Edelmannes Lesleval, dem Namen nach wohl auch ein wallonischer Fl\u00fcchtling. 1568 machte er mit Herrn Lesleval eine Reise in die damals vom Prinzen von Oranien regierten Niederlande. Auf der R\u00fcckreise zusammen mit Meister Karel wurden sie in der Gegend von L\u00fcttich wohl von spanischen Truppen gefangen genommen. Es war das Jahr, in dem K\u00f6nig Philipp&nbsp;ll von Spanien und den Niederlanden Herzog Alba mit einem gro\u00dfen Heer in die Niederlande entsandte, um die \u201eKetzerei\u201c auszurotten, der Beginn des 80-j\u00e4hrigen Befreiungskrieges der Niederlande.<\/p>\n<p>In L\u00fcttich wurden sie als Ketzer angeklagt. Beide bekannten sich standhaft zu ihrem reformierten christlichen Glauben. Sie wurden zum Tode verurteilt und im November 1568 in L\u00fcttich erh\u00e4ngt. L\u00fcttich war damals eine Hochburg des Katholizismus.<\/p>\n<p>Elias van Lessen wird in \u00e4lteren Schriften als Enkel von Corneille de Lessen bezeichnet, das ist jedoch bislang nicht belegt.<\/p>\n<p style=\"margin-bottom: 5px\"><img loading=\"lazy\" class=\"alignnone wp-image-332 size-large\" src=\"..\/wp-content\/uploads\/2018\/03\/Kornelis-de-Lessene-1024x373.jpg\" alt=\"\" width=\"660\" height=\"240\" srcset=\"http:\/\/van-lessen.org\/Wordpress\/wp-content\/uploads\/2018\/03\/Kornelis-de-Lessene-1024x373.jpg 1024w, http:\/\/van-lessen.org\/Wordpress\/wp-content\/uploads\/2018\/03\/Kornelis-de-Lessene-300x109.jpg 300w, http:\/\/van-lessen.org\/Wordpress\/wp-content\/uploads\/2018\/03\/Kornelis-de-Lessene-768x280.jpg 768w, http:\/\/van-lessen.org\/Wordpress\/wp-content\/uploads\/2018\/03\/Kornelis-de-Lessene.jpg 1629w\" sizes=\"(max-width: 660px) 100vw, 660px\" \/><\/p>\n<p style=\"line-height: 90%\"><em><small>In Wesel am Niederrhein hat Kornelis de Lesenne die letzten Jahre seines Lebens als Bombassin &#8211;&nbsp;Weber&nbsp;&#8211; und Prediger des reformierten christlichen Glaubens gelebt. Kupferstich von Matth\u00e4us Merian aus \u201eTopographia Westfaliae&#8220; 1647.<\/small><\/em><\/p>\n","protected":false},"excerpt":{"rendered":"<p>Kornelis de Lessene &#8211; M\u00e4rtyrer des reformierten Glaubens Zur\u00fcck zur Startseite Kornelis de Lesenne oder Corneille de Lessen, wie er an anderer Stelle genannt wird, ist das erste Mitglied der Familie van Lessen, dessen Leben gut dokumentiert ist, und der als M\u00e4rtyrer des reformierten Glaubens gro\u00dfen Ruhm erlangte. Seine Lebensbeschreibung ist in dem Buch: \u201eDe &hellip; <a href=\"http:\/\/van-lessen.org\/Wordpress\/kornelis-de-lessene\/\" class=\"more-link\"><span class=\"screen-reader-text\"><\/p>\n<h3><center>Kornelis de Lessene &#8211; M\u00e4rtyrer des reformierten Glaubens&nbsp;1568<\/h3>\n<p><\/center><\/span> weiterlesen<\/a><\/p>\n","protected":false},"author":1,"featured_media":0,"parent":0,"menu_order":0,"comment_status":"closed","ping_status":"closed","template":"","meta":[],"_links":{"self":[{"href":"http:\/\/van-lessen.org\/Wordpress\/wp-json\/wp\/v2\/pages\/329"}],"collection":[{"href":"http:\/\/van-lessen.org\/Wordpress\/wp-json\/wp\/v2\/pages"}],"about":[{"href":"http:\/\/van-lessen.org\/Wordpress\/wp-json\/wp\/v2\/types\/page"}],"author":[{"embeddable":true,"href":"http:\/\/van-lessen.org\/Wordpress\/wp-json\/wp\/v2\/users\/1"}],"replies":[{"embeddable":true,"href":"http:\/\/van-lessen.org\/Wordpress\/wp-json\/wp\/v2\/comments?post=329"}],"version-history":[{"count":32,"href":"http:\/\/van-lessen.org\/Wordpress\/wp-json\/wp\/v2\/pages\/329\/revisions"}],"predecessor-version":[{"id":1531,"href":"http:\/\/van-lessen.org\/Wordpress\/wp-json\/wp\/v2\/pages\/329\/revisions\/1531"}],"wp:attachment":[{"href":"http:\/\/van-lessen.org\/Wordpress\/wp-json\/wp\/v2\/media?parent=329"}],"curies":[{"name":"wp","href":"https:\/\/api.w.org\/{rel}","templated":true}]}}