{"id":35,"date":"2018-02-20T11:35:15","date_gmt":"2018-02-20T10:35:15","guid":{"rendered":"http:\/\/van-lessen.org\/Wordpress\/?page_id=35"},"modified":"2020-02-25T12:00:25","modified_gmt":"2020-02-25T11:00:25","slug":"impressum","status":"publish","type":"page","link":"http:\/\/van-lessen.org\/Wordpress\/impressum\/","title":{"rendered":"<h4><center>Impressum<\/h4><\/center>"},"content":{"rendered":"<p>Dr. Theodor Bloem<br \/>\nR\u00fcdigerstra\u00dfe 78<br \/>\nD-67069 Ludwigshafen am Rhein<br \/>\nE-Mail:   theodor.bloem@online.de<\/p>\n<p><a href=\"http:\/\/van-lessen.org\/wordpress\"><em>Zur\u00fcck zur Hauptseite<\/em><\/a><\/p>\n","protected":false},"excerpt":{"rendered":"<p>Dr. Theodor Bloem R\u00fcdigerstra\u00dfe 78 D-67069 Ludwigshafen am Rhein E-Mail: theodor.bloem@online.de Zur\u00fcck zur Hauptseite<\/p>\n","protected":false},"author":1,"featured_media":0,"parent":0,"menu_order":0,"comment_status":"closed","ping_status":"closed","template":"","meta":[],"_links":{"self":[{"href":"http:\/\/van-lessen.org\/Wordpress\/wp-json\/wp\/v2\/pages\/35"}],"collection":[{"href":"http:\/\/van-lessen.org\/Wordpress\/wp-json\/wp\/v2\/pages"}],"about":[{"href":"http:\/\/van-lessen.org\/Wordpress\/wp-json\/wp\/v2\/types\/page"}],"author":[{"embeddable":true,"href":"http:\/\/van-lessen.org\/Wordpress\/wp-json\/wp\/v2\/users\/1"}],"replies":[{"embeddable":true,"href":"http:\/\/van-lessen.org\/Wordpress\/wp-json\/wp\/v2\/comments?post=35"}],"version-history":[{"count":5,"href":"http:\/\/van-lessen.org\/Wordpress\/wp-json\/wp\/v2\/pages\/35\/revisions"}],"predecessor-version":[{"id":1928,"href":"http:\/\/van-lessen.org\/Wordpress\/wp-json\/wp\/v2\/pages\/35\/revisions\/1928"}],"wp:attachment":[{"href":"http:\/\/van-lessen.org\/Wordpress\/wp-json\/wp\/v2\/media?parent=35"}],"curies":[{"name":"wp","href":"https:\/\/api.w.org\/{rel}","templated":true}]}}