{"id":356,"date":"2018-03-07T18:26:12","date_gmt":"2018-03-07T17:26:12","guid":{"rendered":"http:\/\/van-lessen.org\/Wordpress\/?page_id=356"},"modified":"2019-12-24T19:06:02","modified_gmt":"2019-12-24T18:06:02","slug":"kornelis-de-lesenne-und-karel","status":"publish","type":"page","link":"http:\/\/van-lessen.org\/Wordpress\/kornelis-de-lesenne-und-karel\/","title":{"rendered":"<h3><center>Mr. Kornelis de Lesenne und Mr. Karel<\/h3><\/center>"},"content":{"rendered":"<style type=\"text\/css\">\n    p {<br \/>\n        font-size: 17px;<br \/>\n        margin-bottom: 13px;<br \/>\n        line-height: 130%;<br \/>\n    }<br \/>\n    <\/style>\n<p style=\"margin-top: 20px\">\n<a href=\"http:\/\/van-lessen.org\/wordpress\"><em>Zur\u00fcck zur Startseite<\/em><\/a><\/p>\n<p style=\"text-align: left;\">(1568)<\/p>\n<p>Meister Karl war ein Rechtsanwalt, geboren in Oudenaarde, einem St\u00e4dtchen zwischen Br\u00fcgge und Gent in Flandern. Dieser hatte wiederholt seine Dienste der flandrischen Kirche in England verliehen, von woher er auch nach Genf gesandt wurde, um einige Konflikte, die es in der flandrischen Gemeinde gab, zu schlichten.<\/p>\n<p>Kornelis de Lesenne war fr\u00fcher Hufschmied, und als er berufen wurde, Kenntnis zu nehmen vom heiligen Evangelium, wurde er von einer inbr\u00fcnstigen Gier angespornt, die Heilige Schrift Gottes zu lesen, dabei machte er solche Fortschritte, dass er f\u00e4hig war, andere darin zu unterrichten, und zwar wegen einer F\u00fclle von Begabung, ihm vom heiligen Geist verliehen.<\/p>\n<p>Satan aber konnte den Geruch eines solchen fruchtbaren Lebens und Verkehrs nicht ertragen, und lie\u00df ihn sofort von seinen Helfershelfern verfolgen. So wurde dieser biedere Mann gezwungen, nach Antwerpen in Brabant auszuweichen, damals einem Zufluchtsort f\u00fcr alle gl\u00e4ubigen Christen, die in Rijssel, Doornik, Valenciennes und anderen Orten um Willen der Wahrheit von den Feinden des heiligen Evangeliums verfolgt wurden. Als er dort mit seiner Frau und den Kindern angekommen war, besch\u00e4ftigte er sich mit der Herstellung von Bord\u00fcren und Seidenkordeln, in der Absicht, so unbekannt zu bleiben. Auf diese ehrliche Weise verdiente er sein t\u00e4gliches Brot und ern\u00e4hrte seine Familie, dabei unterlie\u00df er nicht, die Heilige Schrift zu lesen. Darin war er so f\u00e4hig, dass der Umgang mit ihm f\u00fcr alle, die mit ihm in Ber\u00fchrung kamen, sehr fruchtbar war. Er war so gut vorbereitet und gewitzt in Bezug auf die schlauen Streiche und Ausfl\u00fcchte der Wiedert\u00e4ufer, dass die Vorgesetzten unter ihnen nicht wagten, mit ihm ein Streitgespr\u00e4ch anzukn\u00fcpfen, so rasch kam er mit einer Widerlegung, mit der er ihnen den Mund stopfte. Als er sich so t\u00e4glich in diesem christlichen Flei\u00df qualifizierte und sich reichlich mit diesen himmlischen Sch\u00e4tzen versah, geschah es, dass die wallonische Gemeinde in Antwerpen einen Hirten brauchte. Auf vorderhand wurde Kornelis gew\u00e4hlt und gerufen, dieses Amt auf sich zu nehmen, bis die Gemeinde jenen Diener des Wortes bekommen hatte, den sie erwartete. Inzwischen entledigte Kornelis sich in l\u00f6blicher und flei\u00dfiger Weise seiner Aufgabe. Im Jahre 1562 wurde er von den Gl\u00e4ubigen in Doornik erlassen, sie zu besuchen und sie durch die Verk\u00fcndigung des heiligen Evangeliums zu st\u00e4rken, welche Aufgabe er auch auf sich nahm.<\/p>\n<p>W\u00e4hrend der Verabschiedung von &nbsp;seiner Gemeinde in Antwerpen ermahnte &nbsp;er sie in einem W\u00e4ldchen unweit der Stadt, wo die Versammlung entdeckt wurde und 20 bis 30 von ihnen gefangen genommen und zum Schloss gebracht wurden, w\u00e4hrend viele auf verschiedenen Wegen zu fliehen wussten. Meister Kornelis wusste dann auch den Feinden&nbsp; der Wahrheit zu entkommen; was aber als ein Wunder betrachtet werden kann, weil er mehr als sonst jemand gesucht wurde.<\/p>\n<p>Aber der Herr wollte ihn noch beh\u00fcten und ihn anderswo als in Antwerpen einsetzen. Da die Gemeinde in jener Stadt damals schon mit einem Diener des Wortes versehen war, wurde er nach Rijssel berufen, welcher Berufung er folgte. Seine Arbeit war in jener Stadt und Umgebung sehr fruchtbar, denn viele hat er zum Evangelium bekehrt, die Unwissenden unterrichtet, und die Kranken und Schwachen gest\u00e4rkt. Das dauerte aber nicht lange, denn die Feinde der Wahrheit dachten sich allerhand Listen aus und legten ihm Hinterh\u00e4lte in der Absicht, die Gemeinde Christi zu st\u00f6ren, so dass sie gezwungen wurden, sich hinaus ins Feld zu begeben, und sich dort so gut es ging aufzuhalten, bis sie so bedr\u00e4ngt und verfolgt wurden, dass der eine hierher, der andere dorthin \ufb02oh. Kornelis machte sich von dort aus auf den Weg nach Wesel, wo er, um sich sein Brot zu verdienen, Bombassin zu weben&nbsp;lernte.&nbsp; Inzwischen aber tr\u00f6stete er die Gl\u00e4ubigen, die dorthin ge\ufb02ohen waren. Einige Zeit sp\u00e4ter lie\u00df er sich auf Bitten des Herrn Lesleval, eines sehr christlichen Edelmannes, dazu bewegen, ihm als Ermahner und Lehrer des heiligen Evangeliums in seiner FamiIie und in seinem&nbsp;Bekanntenkreis zu dienen. Mit ihm reiste er im Jahre 1568 in die Niederlande, damals unter der Regierung des Prinzen von Oranien. Als er dann aus den Niederlanden nach Wesel abreiste, wurde er mit Meister Karl, im November, unweit von L\u00fcttich gefangen genommen, wo sie sich sehr standhaft zur reinen Wahrheit des heiligen Evangeliums bekannten, und endlich, im Namen Christi, &nbsp;geh\u00e4ngt wurden.<\/p>\n<p style=\"line-height: 80%\"><small><em>Der Artikel wurde aus dem unten aufgef\u00fchrten Buch \u00fcbertragen und vom Holl\u00e4ndischen ins Deutsche \u00fcbersetzt.<a href=\"http:\/\/van-lessen.org\/Wordpress\/kornelis-de-lesenne-en-karel\/\"> Zum holl\u00e4ndischen Originaltext.<\/a><\/em><\/small><\/p>\n<p><img loading=\"lazy\" class=\"wp-image-354 aligncenter\" src=\"http:\/\/van-lessen.org\/Wordpress\/wp-content\/uploads\/2018\/03\/Geschiedenis_der_martelaren-651x1024.jpg\" alt=\"\" width=\"470\" height=\"739\" srcset=\"http:\/\/van-lessen.org\/Wordpress\/wp-content\/uploads\/2018\/03\/Geschiedenis_der_martelaren-651x1024.jpg 651w, http:\/\/van-lessen.org\/Wordpress\/wp-content\/uploads\/2018\/03\/Geschiedenis_der_martelaren-191x300.jpg 191w, http:\/\/van-lessen.org\/Wordpress\/wp-content\/uploads\/2018\/03\/Geschiedenis_der_martelaren-768x1209.jpg 768w, http:\/\/van-lessen.org\/Wordpress\/wp-content\/uploads\/2018\/03\/Geschiedenis_der_martelaren.jpg 1007w\" sizes=\"(max-width: 470px) 100vw, 470px\" \/><\/p>\n","protected":false},"excerpt":{"rendered":"<p>Zur\u00fcck zur Startseite (1568) Meister Karl war ein Rechtsanwalt, geboren in Oudenaarde, einem St\u00e4dtchen zwischen Br\u00fcgge und Gent in Flandern. Dieser hatte wiederholt seine Dienste der flandrischen Kirche in England verliehen, von woher er auch nach Genf gesandt wurde, um einige Konflikte, die es in der flandrischen Gemeinde gab, zu schlichten. Kornelis de Lesenne war &hellip; <a href=\"http:\/\/van-lessen.org\/Wordpress\/kornelis-de-lesenne-und-karel\/\" class=\"more-link\"><span class=\"screen-reader-text\"><\/p>\n<h3><center>Mr. Kornelis de Lesenne und Mr. Karel<\/h3>\n<p><\/center><\/span> weiterlesen<\/a><\/p>\n","protected":false},"author":1,"featured_media":0,"parent":0,"menu_order":0,"comment_status":"closed","ping_status":"closed","template":"","meta":[],"_links":{"self":[{"href":"http:\/\/van-lessen.org\/Wordpress\/wp-json\/wp\/v2\/pages\/356"}],"collection":[{"href":"http:\/\/van-lessen.org\/Wordpress\/wp-json\/wp\/v2\/pages"}],"about":[{"href":"http:\/\/van-lessen.org\/Wordpress\/wp-json\/wp\/v2\/types\/page"}],"author":[{"embeddable":true,"href":"http:\/\/van-lessen.org\/Wordpress\/wp-json\/wp\/v2\/users\/1"}],"replies":[{"embeddable":true,"href":"http:\/\/van-lessen.org\/Wordpress\/wp-json\/wp\/v2\/comments?post=356"}],"version-history":[{"count":12,"href":"http:\/\/van-lessen.org\/Wordpress\/wp-json\/wp\/v2\/pages\/356\/revisions"}],"predecessor-version":[{"id":1421,"href":"http:\/\/van-lessen.org\/Wordpress\/wp-json\/wp\/v2\/pages\/356\/revisions\/1421"}],"wp:attachment":[{"href":"http:\/\/van-lessen.org\/Wordpress\/wp-json\/wp\/v2\/media?parent=356"}],"curies":[{"name":"wp","href":"https:\/\/api.w.org\/{rel}","templated":true}]}}