{"id":450,"date":"2018-03-23T19:33:39","date_gmt":"2018-03-23T18:33:39","guid":{"rendered":"http:\/\/van-lessen.org\/Wordpress\/?page_id=450"},"modified":"2018-04-01T15:08:25","modified_gmt":"2018-04-01T13:08:25","slug":"herkunft","status":"publish","type":"page","link":"http:\/\/van-lessen.org\/Wordpress\/herkunft\/","title":{"rendered":"<center>Herkunft<\/center>"},"content":{"rendered":"<p><a href=\"..\"><em>Zur\u00fcck zur Startseite<\/em><\/a><\/p>\n<p><a href=\"..\/historie\/\">Kurze Historie der Abstammung<\/a><\/p>\n<p><a href=\"..\/texte-familienbuecher\/\"><em>Siehe auch die Beitr\u00e4ge aus dem Familienb\u00fcchern<\/em><\/a><\/p>\n","protected":false},"excerpt":{"rendered":"<p>Zur\u00fcck zur Startseite Kurze Historie der Abstammung Siehe auch die Beitr\u00e4ge aus dem Familienb\u00fcchern<\/p>\n","protected":false},"author":1,"featured_media":0,"parent":0,"menu_order":0,"comment_status":"closed","ping_status":"closed","template":"","meta":[],"_links":{"self":[{"href":"http:\/\/van-lessen.org\/Wordpress\/wp-json\/wp\/v2\/pages\/450"}],"collection":[{"href":"http:\/\/van-lessen.org\/Wordpress\/wp-json\/wp\/v2\/pages"}],"about":[{"href":"http:\/\/van-lessen.org\/Wordpress\/wp-json\/wp\/v2\/types\/page"}],"author":[{"embeddable":true,"href":"http:\/\/van-lessen.org\/Wordpress\/wp-json\/wp\/v2\/users\/1"}],"replies":[{"embeddable":true,"href":"http:\/\/van-lessen.org\/Wordpress\/wp-json\/wp\/v2\/comments?post=450"}],"version-history":[{"count":8,"href":"http:\/\/van-lessen.org\/Wordpress\/wp-json\/wp\/v2\/pages\/450\/revisions"}],"predecessor-version":[{"id":1186,"href":"http:\/\/van-lessen.org\/Wordpress\/wp-json\/wp\/v2\/pages\/450\/revisions\/1186"}],"wp:attachment":[{"href":"http:\/\/van-lessen.org\/Wordpress\/wp-json\/wp\/v2\/media?parent=450"}],"curies":[{"name":"wp","href":"https:\/\/api.w.org\/{rel}","templated":true}]}}